{"id":808,"date":"2025-12-17T20:38:07","date_gmt":"2025-12-17T20:38:07","guid":{"rendered":"https:\/\/berro.eca.usp.br\/?page_id=808"},"modified":"2026-01-12T10:18:08","modified_gmt":"2026-01-12T10:18:08","slug":"culturas-sonoras","status":"publish","type":"page","link":"https:\/\/berro.eca.usp.br\/index.php\/culturas-sonoras\/","title":{"rendered":"Culturas Sonoras"},"content":{"rendered":"\n<p class=\"has-text-align-center has-medium-font-size\">Culturas Sonoras<\/p>\n\n\n\n<div style=\"height:30px\" aria-hidden=\"true\" class=\"wp-block-spacer\"><\/div>\n\n\n\n<p><\/p>\n\n\n\n<p>IAZZETTA, Fernando.\u00a0<strong>Culturas Sonoras<\/strong>. Berro &#8211; M\u00fasicas e Sons. Universidade de S\u00e3o Paulo, 2025.<\/p>\n\n\n\n<p>DOI:&nbsp;<a href=\"https:\/\/doi.org\/10.11606\/9788572052917\">https:\/\/doi.org\/10.11606\/9788572052917<\/a>&nbsp;<\/p>\n\n\n\n<p>Dispon\u00edvel em: <a href=\"https:\/\/www.livrosabertos.abcd.usp.br\/portaldelivrosUSP\/catalog\/book\/1783\">https:\/\/www.livrosabertos.abcd.usp.br\/portaldelivrosUSP\/catalog\/book\/1783<\/a><\/p>\n\n\n\n<div style=\"height:37px\" aria-hidden=\"true\" class=\"wp-block-spacer\"><\/div>\n\n\n\n<h4 class=\"wp-block-heading\">Sinopse<\/h4>\n\n\n\n<p>Esta colet\u00e2nea reflete o trabalho que tem sido desenvolvido no Brasil dentro do campo dos estudos do som, ou sonologia, como tamb\u00e9m \u00e9 chamado. Este campo interdisciplinar busca explorar os dom\u00ednios do som e da escuta como formas de conhecimento e reflex\u00e3o. Ao longo das \u00faltimas d\u00e9cadas, os estudos do som se consolidaram internacionalmente como um territ\u00f3rio de investiga\u00e7\u00e3o que transcende as fronteiras disciplinares, promovendo um di\u00e1logo entre a m\u00fasica, a antropologia, a comunica\u00e7\u00e3o, a filosofia, a arte sonora e os estudos culturais. No Brasil, esse movimento tem encontrado um terreno fecundo para se desenvolver, articulando-se tanto com tradi\u00e7\u00f5es musicais e culturais locais, quanto com discuss\u00f5es globais sobre o som e a escuta. Os dezoito cap\u00edtulos apresentados a seguir foram escritos por pesquisadores e artistas de diversas partes do pa\u00eds, os quais de alguma maneira estiveram envolvidos com o NuSom \u2013 N\u00facleo de Pesquisas em Sonologia da Universidade de S\u00e3o Paulo. O N\u00facleo, formado em 2012, tem exercido um papel ativo na consolida\u00e7\u00e3o do campo no Brasil e na conex\u00e3o entre as nossas pesquisas e a rica produ\u00e7\u00e3o internacional surgida nas \u00faltimas tr\u00eas d\u00e9cadas.<\/p>\n\n\n\n<p><\/p>\n","protected":false},"excerpt":{"rendered":"<p>Culturas Sonoras IAZZETTA, Fernando.\u00a0Culturas Sonoras. Berro &#8211; M\u00fasicas e Sons. Universidade de S\u00e3o Paulo, 2025. DOI:&nbsp;https:\/\/doi.org\/10.11606\/9788572052917&nbsp; Dispon\u00edvel em: https:\/\/www.livrosabertos.abcd.usp.br\/portaldelivrosUSP\/catalog\/book\/1783 Sinopse Esta colet\u00e2nea reflete o trabalho que tem sido desenvolvido no Brasil dentro do campo dos estudos do som, ou sonologia, como tamb\u00e9m \u00e9 chamado. Este campo interdisciplinar busca explorar os dom\u00ednios do som e da [&hellip;]<\/p>\n","protected":false},"author":1,"featured_media":0,"parent":0,"menu_order":0,"comment_status":"closed","ping_status":"closed","template":"","meta":{"footnotes":""},"class_list":["post-808","page","type-page","status-publish","hentry"],"_links":{"self":[{"href":"https:\/\/berro.eca.usp.br\/index.php\/wp-json\/wp\/v2\/pages\/808","targetHints":{"allow":["GET"]}}],"collection":[{"href":"https:\/\/berro.eca.usp.br\/index.php\/wp-json\/wp\/v2\/pages"}],"about":[{"href":"https:\/\/berro.eca.usp.br\/index.php\/wp-json\/wp\/v2\/types\/page"}],"author":[{"embeddable":true,"href":"https:\/\/berro.eca.usp.br\/index.php\/wp-json\/wp\/v2\/users\/1"}],"replies":[{"embeddable":true,"href":"https:\/\/berro.eca.usp.br\/index.php\/wp-json\/wp\/v2\/comments?post=808"}],"version-history":[{"count":4,"href":"https:\/\/berro.eca.usp.br\/index.php\/wp-json\/wp\/v2\/pages\/808\/revisions"}],"predecessor-version":[{"id":831,"href":"https:\/\/berro.eca.usp.br\/index.php\/wp-json\/wp\/v2\/pages\/808\/revisions\/831"}],"wp:attachment":[{"href":"https:\/\/berro.eca.usp.br\/index.php\/wp-json\/wp\/v2\/media?parent=808"}],"curies":[{"name":"wp","href":"https:\/\/api.w.org\/{rel}","templated":true}]}}